{"id":95,"date":"2019-10-15T14:10:59","date_gmt":"2019-10-15T14:10:59","guid":{"rendered":"http:\/\/fototreppe.info\/?page_id=95"},"modified":"2019-10-31T14:36:33","modified_gmt":"2019-10-31T14:36:33","slug":"kontakt","status":"publish","type":"page","link":"https:\/\/fototreppe.info\/?page_id=95","title":{"rendered":""},"content":{"rendered":"\n<h4 class=\"wp-block-heading\">Hei,  hyggelig \u00e5 se deg! <\/h4>\n\n\n\n<p style=\"text-align:left\">Das hei\u00dft auf norwegisch &#8222;Hallo, sch\u00f6n Dich zu sehen!&#8220; Ich bin Daniela und meine gro\u00dfe Leidenschaft ist die Fotografie. Alles begann mit einer kleinen Kamera &#8230;. den Rest erledigte dann das Herz und das Auge! <\/p>\n\n\n\n<p style=\"text-align:left\">Fotografie hei\u00dft Sehen, Festhalten und sp\u00fcren. Man kann es nicht &#8222;erlernen&#8220;. Man kann Techniken dazu lernen aber das Auge, das &#8222;Feeling&#8220; f\u00fcr eine Situation hat man oder halt nicht. <\/p>\n\n\n\n<p>Das Zitat auf der Startseite, &#8222;Schaue und \u00fcberlege, bevor du den Verschluss \u00f6ffnest. Herz und Verstand sind das wahre Objektiv der Kamera.&#8220; von  Yousuf Karsh (kanadischer Fotograf), passt meiner Meinung nach perfekt zu der Fotografie, zu meiner Fotografie.  <\/p>\n\n\n\n<p style=\"text-align:left\">Ich m\u00f6chte Euch hier ein paar Werke von mir vorstellen. Meine Aufnahmen entstehen mit einer DSLR-Kamera, einem Copter sowie einer GoPro. Mit der GoPro besch\u00e4ftige ich mich aktuell sehr intensiv, insbesondere die Zeitraffer- und Timewarp Aufnahmen. <\/p>\n\n\n\n<h4 class=\"wp-block-heading\">Ha det bra! <\/h4>\n\n\n\n<h4 class=\"wp-block-heading\">Daniela <img decoding=\"async\" class=\"wp-image-415\" style=\"width: 100px;\" src=\"http:\/\/fototreppe.info\/wp-content\/uploads\/2019\/10\/IMG_1204.jpg\" alt=\"\"><\/h4>\n\n\n\n<p>Kontakt: hallo @ fototreppe.info<\/p>\n","protected":false},"excerpt":{"rendered":"<p>Hei, hyggelig \u00e5 se deg! Das hei\u00dft auf norwegisch &#8222;Hallo, sch\u00f6n Dich zu sehen!&#8220; Ich bin Daniela und meine gro\u00dfe Leidenschaft ist [&hellip;]<\/p>\n","protected":false},"author":1,"featured_media":0,"parent":0,"menu_order":0,"comment_status":"closed","ping_status":"closed","template":"","meta":{"footnotes":""},"class_list":["post-95","page","type-page","status-publish","hentry"],"_links":{"self":[{"href":"https:\/\/fototreppe.info\/index.php?rest_route=\/wp\/v2\/pages\/95","targetHints":{"allow":["GET"]}}],"collection":[{"href":"https:\/\/fototreppe.info\/index.php?rest_route=\/wp\/v2\/pages"}],"about":[{"href":"https:\/\/fototreppe.info\/index.php?rest_route=\/wp\/v2\/types\/page"}],"author":[{"embeddable":true,"href":"https:\/\/fototreppe.info\/index.php?rest_route=\/wp\/v2\/users\/1"}],"replies":[{"embeddable":true,"href":"https:\/\/fototreppe.info\/index.php?rest_route=%2Fwp%2Fv2%2Fcomments&post=95"}],"version-history":[{"count":38,"href":"https:\/\/fototreppe.info\/index.php?rest_route=\/wp\/v2\/pages\/95\/revisions"}],"predecessor-version":[{"id":459,"href":"https:\/\/fototreppe.info\/index.php?rest_route=\/wp\/v2\/pages\/95\/revisions\/459"}],"wp:attachment":[{"href":"https:\/\/fototreppe.info\/index.php?rest_route=%2Fwp%2Fv2%2Fmedia&parent=95"}],"curies":[{"name":"wp","href":"https:\/\/api.w.org\/{rel}","templated":true}]}}